{"id":397,"date":"2025-09-05T23:04:54","date_gmt":"2025-09-05T21:04:54","guid":{"rendered":"https:\/\/farbeinform.at\/?page_id=397"},"modified":"2025-09-14T09:49:21","modified_gmt":"2025-09-14T07:49:21","slug":"ueber-farbeinform","status":"publish","type":"page","link":"https:\/\/farbeinform.at\/index.php\/farbeinform\/ueber-farbeinform\/","title":{"rendered":"\u00fcber FARBEinFORM"},"content":{"rendered":"\n<p class=\"has-medium-font-size\">Handarbeit begleitet mich mein ganzes Leben &#8211; meine ersten N\u00e4hversuche machte ich als Kind. Sp\u00e4ter begann ich mit Leidenschaft zu stricken. 2022 besuchte ich meinen ersten (und nicht letzten) Drechselkurs und vor einigen Jahren bin ich auf Epoxidharz aufmerksam geworden.<\/p>\n\n\n\n<p class=\"has-medium-font-size\">Dieses Material bietet schier unendliche M\u00f6glichkeiten: Man kann &#8211; unter anderem &#8211; Dinge (getrocknete Pflanzenteile, Steine, Muscheln, &#8230;) im Harz einschlie\u00dfen und somit konservieren. Das Harz kann eingef\u00e4rbt werden, oder Farbe kann ein getropft werden. Die Bewegung der Farbe wird im Harz festgehalten, ein fl\u00fcchtiger Moment f\u00fcr immer bewahrt \u2013 faszinierend: das ist Farbe in Form!<\/p>\n\n\n\n<div class=\"wp-block-group alignwide is-layout-constrained wp-block-group-is-layout-constrained\">\n<figure class=\"wp-block-image aligncenter size-large is-resized\" style=\"margin-right:var(--wp--preset--spacing--20);margin-left:var(--wp--preset--spacing--20)\"><img loading=\"lazy\" decoding=\"async\" width=\"1024\" height=\"323\" src=\"https:\/\/farbeinform.at\/wp-content\/uploads\/2025\/09\/Wolken_1-1024x323.jpg\" alt=\"\" class=\"wp-image-253\" style=\"width:789px;height:auto\" srcset=\"https:\/\/farbeinform.at\/wp-content\/uploads\/2025\/09\/Wolken_1-1024x323.jpg 1024w, https:\/\/farbeinform.at\/wp-content\/uploads\/2025\/09\/Wolken_1-300x95.jpg 300w, https:\/\/farbeinform.at\/wp-content\/uploads\/2025\/09\/Wolken_1-768x242.jpg 768w, https:\/\/farbeinform.at\/wp-content\/uploads\/2025\/09\/Wolken_1-1536x484.jpg 1536w, https:\/\/farbeinform.at\/wp-content\/uploads\/2025\/09\/Wolken_1-2048x646.jpg 2048w\" sizes=\"auto, (max-width: 1024px) 100vw, 1024px\" \/><\/figure>\n\n\n\n<p class=\"has-text-align-center has-medium-font-size\">&#8230;manchmal sieht die Farbe im Harz aus, wie Wolken am Himmel.<\/p>\n<\/div>\n\n\n\n<figure class=\"wp-block-gallery has-nested-images columns-default is-cropped wp-block-gallery-1 is-layout-flex wp-block-gallery-is-layout-flex\">\n<figure class=\"wp-block-image size-large\"><img loading=\"lazy\" decoding=\"async\" width=\"1024\" height=\"768\" data-id=\"620\" src=\"https:\/\/farbeinform.at\/wp-content\/uploads\/2025\/09\/Zirren-1024x768.jpg\" alt=\"\" class=\"wp-image-620\" srcset=\"https:\/\/farbeinform.at\/wp-content\/uploads\/2025\/09\/Zirren-1024x768.jpg 1024w, https:\/\/farbeinform.at\/wp-content\/uploads\/2025\/09\/Zirren-300x225.jpg 300w, https:\/\/farbeinform.at\/wp-content\/uploads\/2025\/09\/Zirren-768x576.jpg 768w, https:\/\/farbeinform.at\/wp-content\/uploads\/2025\/09\/Zirren.jpg 1333w\" sizes=\"auto, (max-width: 1024px) 100vw, 1024px\" \/><figcaption class=\"wp-element-caption\">Zirren am Himmel<\/figcaption><\/figure>\n\n\n\n<figure class=\"wp-block-image size-large\"><img loading=\"lazy\" decoding=\"async\" width=\"1024\" height=\"316\" data-id=\"408\" src=\"https:\/\/farbeinform.at\/wp-content\/uploads\/2025\/09\/Wolke_weisz_blau-edited-scaled-e1757259614772-1024x316.jpg\" alt=\"\" class=\"wp-image-408\" srcset=\"https:\/\/farbeinform.at\/wp-content\/uploads\/2025\/09\/Wolke_weisz_blau-edited-scaled-e1757259614772-1024x316.jpg 1024w, https:\/\/farbeinform.at\/wp-content\/uploads\/2025\/09\/Wolke_weisz_blau-edited-scaled-e1757259614772-300x93.jpg 300w, https:\/\/farbeinform.at\/wp-content\/uploads\/2025\/09\/Wolke_weisz_blau-edited-scaled-e1757259614772-768x237.jpg 768w, https:\/\/farbeinform.at\/wp-content\/uploads\/2025\/09\/Wolke_weisz_blau-edited-scaled-e1757259614772-1536x474.jpg 1536w, https:\/\/farbeinform.at\/wp-content\/uploads\/2025\/09\/Wolke_weisz_blau-edited-scaled-e1757259614772-2048x632.jpg 2048w\" sizes=\"auto, (max-width: 1024px) 100vw, 1024px\" \/><figcaption class=\"wp-element-caption\">Zirren im Harz ;+)<\/figcaption><\/figure>\n<\/figure>\n\n\n\n<p class=\"has-medium-font-size\">Ich verwende haupts\u00e4chlich Harze von <a href=\"https:\/\/epoxid1.de\/\" data-type=\"link\" data-id=\"https:\/\/epoxid1.de\/\" target=\"_blank\" rel=\"noreferrer noopener\">Epoxid1<\/a> und sehr gerne die &#8222;Green-Line&#8220;-Produkte des Herstellers.<br>(<a href=\"https:\/\/epoxid1.de\/products\/art-green-line\" target=\"_blank\" rel=\"noreferrer noopener\">Art Green Line<\/a> &#8211; Harz wird zu 80% aus nachwachsenden Rohstoffen hergestellt. Es ist glasklar, UV-gesch\u00fctzt, L\u00f6semittel-, BPA- und VOC-frei.)<\/p>\n\n\n\n<p><\/p>\n","protected":false},"excerpt":{"rendered":"<p>Handarbeit begleitet mich mein ganzes Leben &#8211; meine ersten N\u00e4hversuche machte ich als Kind. Sp\u00e4ter begann ich mit Leidenschaft zu [&hellip;]<\/p>\n","protected":false},"author":1,"featured_media":0,"parent":356,"menu_order":3,"comment_status":"closed","ping_status":"closed","template":"","meta":{"site-sidebar-layout":"default","site-content-layout":"","ast-site-content-layout":"default","site-content-style":"default","site-sidebar-style":"default","ast-global-header-display":"","ast-banner-title-visibility":"","ast-main-header-display":"","ast-hfb-above-header-display":"","ast-hfb-below-header-display":"","ast-hfb-mobile-header-display":"","site-post-title":"","ast-breadcrumbs-content":"","ast-featured-img":"","footer-sml-layout":"","theme-transparent-header-meta":"","adv-header-id-meta":"","stick-header-meta":"","header-above-stick-meta":"","header-main-stick-meta":"","header-below-stick-meta":"","astra-migrate-meta-layouts":"default","ast-page-background-enabled":"default","ast-page-background-meta":{"desktop":{"background-color":"var(--ast-global-color-5)","background-image":"","background-repeat":"repeat","background-position":"center center","background-size":"auto","background-attachment":"scroll","background-type":"","background-media":"","overlay-type":"","overlay-color":"","overlay-opacity":"","overlay-gradient":""},"tablet":{"background-color":"","background-image":"","background-repeat":"repeat","background-position":"center center","background-size":"auto","background-attachment":"scroll","background-type":"","background-media":"","overlay-type":"","overlay-color":"","overlay-opacity":"","overlay-gradient":""},"mobile":{"background-color":"","background-image":"","background-repeat":"repeat","background-position":"center center","background-size":"auto","background-attachment":"scroll","background-type":"","background-media":"","overlay-type":"","overlay-color":"","overlay-opacity":"","overlay-gradient":""}},"ast-content-background-meta":{"desktop":{"background-color":"var(--ast-global-color-4)","background-image":"","background-repeat":"repeat","background-position":"center center","background-size":"auto","background-attachment":"scroll","background-type":"","background-media":"","overlay-type":"","overlay-color":"","overlay-opacity":"","overlay-gradient":""},"tablet":{"background-color":"var(--ast-global-color-4)","background-image":"","background-repeat":"repeat","background-position":"center center","background-size":"auto","background-attachment":"scroll","background-type":"","background-media":"","overlay-type":"","overlay-color":"","overlay-opacity":"","overlay-gradient":""},"mobile":{"background-color":"var(--ast-global-color-4)","background-image":"","background-repeat":"repeat","background-position":"center center","background-size":"auto","background-attachment":"scroll","background-type":"","background-media":"","overlay-type":"","overlay-color":"","overlay-opacity":"","overlay-gradient":""}},"ngg_post_thumbnail":0,"footnotes":""},"class_list":["post-397","page","type-page","status-publish","hentry"],"_links":{"self":[{"href":"https:\/\/farbeinform.at\/index.php\/wp-json\/wp\/v2\/pages\/397","targetHints":{"allow":["GET"]}}],"collection":[{"href":"https:\/\/farbeinform.at\/index.php\/wp-json\/wp\/v2\/pages"}],"about":[{"href":"https:\/\/farbeinform.at\/index.php\/wp-json\/wp\/v2\/types\/page"}],"author":[{"embeddable":true,"href":"https:\/\/farbeinform.at\/index.php\/wp-json\/wp\/v2\/users\/1"}],"replies":[{"embeddable":true,"href":"https:\/\/farbeinform.at\/index.php\/wp-json\/wp\/v2\/comments?post=397"}],"version-history":[{"count":16,"href":"https:\/\/farbeinform.at\/index.php\/wp-json\/wp\/v2\/pages\/397\/revisions"}],"predecessor-version":[{"id":688,"href":"https:\/\/farbeinform.at\/index.php\/wp-json\/wp\/v2\/pages\/397\/revisions\/688"}],"up":[{"embeddable":true,"href":"https:\/\/farbeinform.at\/index.php\/wp-json\/wp\/v2\/pages\/356"}],"wp:attachment":[{"href":"https:\/\/farbeinform.at\/index.php\/wp-json\/wp\/v2\/media?parent=397"}],"curies":[{"name":"wp","href":"https:\/\/api.w.org\/{rel}","templated":true}]}}